{"id":9,"date":"2013-08-17T08:44:46","date_gmt":"2013-08-17T08:44:46","guid":{"rendered":"http:\/\/anacarvalho.net\/?page_id=9"},"modified":"2022-11-02T14:23:52","modified_gmt":"2022-11-02T14:23:52","slug":"research","status":"publish","type":"page","link":"https:\/\/anacarvalho.net\/?page_id=9","title":{"rendered":"Research"},"content":{"rendered":"<p><strong><em>Researcher ID<\/em><\/strong>: http:\/\/www.researcherid.com\/rid\/B-6186-2009<\/p>\n<p><em><strong>ORCID<\/strong><\/em>: http:\/\/orcid.org\/0000-0001-8859-9959<\/p>\n<p><em><strong>CI\u00caNCIA ID<\/strong><\/em>: 5213-B7A0-43B5<\/p>\n<p>My <em><strong>research interests<\/strong><\/em> are in Management, more specifically in:<\/p>\n<ul>\n<li>Dynamic Capabilities<\/li>\n<li>Business Model Innovation<\/li>\n<li>Innovation and Knowledge Management<\/li>\n<li>Strategic Human Resource Management<\/li>\n<li>Non-profit organizations management (in particular volunteer management)<\/li>\n<\/ul>\n<p><em><strong>Awards<\/strong><\/em><br \/>\nThe article \u201cGreat Places to Work\u00ae: Resilience in Times of Crisis\u201d, published in Human Resource Management (DOI: 10.1002\/hrm.21676), was distinguished with the\u00a0II Santander Award for Research in Corporate Social Responsibility (2016).<\/p>\n<p><em><strong>Financed projects<\/strong><\/em><\/p>\n<p>Project co-Leader in ER.C2W.P28 &#8211; Ecosystems for Connected 2-Wheelers &#8211; part of the &#8220;Easy Ride: Experience is everything R&amp;D programme&#8221;, financed by the Bosch-UMinho consortium and o-financed by FEDER through Portugal 2020 &#8211; Programa Operacional Competitividade e Internacionaliza\u00e7\u00e3o (COMPETE 2020) [June 2018 &#8211; July 2021]<\/p>\n<p>Principal Researcher in the project &#8220;The financial impact of best-practice awards&#8221;, financed by FCT (Funda\u00e7\u00e3o para a Ci\u00eancia e a Tecnologia &#8211; the Portuguese Foundation for Science and Technology) &#8211; FCT project reference PTDC\/EGE-GES\/121377\/2010 [March 2012 &#8211; February 2014]. Application assessment: Excellent.<\/p>\n<p>Team member in the project &#8220;It&#8217;s all about\u00a0productivity\u201d, financed by FCT (Funda\u00e7\u00e3o para a Ci\u00eancia e a Tecnologia &#8211; the Portuguese Foundation for Science and Technology) &#8211; FCT project application\u00a0AAC n\u00ba. 02\/SAICT\/2017 (n\u00ba. 29822), [October 2018 &#8211; September 2021]<\/p>\n<p><strong><em>Student supervision<\/em><\/strong><br \/>\nTo date, I have successfully supervised two PhD Theses and over 20 Master&#8217;s Theses. \u00a0I currently supervise 3 PhD students and several Master students.<br \/>\nI supervise students in the following subjects:<\/p>\n<ul>\n<li>Business Model Innovation: studies that explore how organizations configure and reconfigure their business model to become or stay successful.<\/li>\n<li>Innovation management\/organisational learning: studies that describe and explain how organisations learn and innovate, and assess their organisational climates with reference to climates associated in the literature with change, innovation, and creativity.<\/li>\n<li>Strategic human resource management: studies that explore HRM as a configurational system, assess HRM as a &#8220;strong system&#8221; (distinctive, consistent, consensual), and measure its impact on HRM effectiveness.<\/li>\n<li>Segmented employment management: studies that assess the consequences of combining different employment contracts (permanent vs. temporary, full vs part-time, private vs. public. etc) in the same organisation, and measuring differences between employee groups in variables such as organisational commitment, perceptions of justice, perceptions of organisational support, organisational citizenship behaviour and individual performance.<\/li>\n<li>Non-profit organisations: studies that describe and explain how these organisations manage their resources, in particular their human resources, and especially volunteers.<\/li>\n<\/ul>\n","protected":false},"excerpt":{"rendered":"<p>Researcher ID: http:\/\/www.researcherid.com\/rid\/B-6186-2009 ORCID: http:\/\/orcid.org\/0000-0001-8859-9959 CI\u00caNCIA ID: 5213-B7A0-43B5 My research interests are in Management, more specifically in: Dynamic Capabilities Business Model Innovation Innovation and Knowledge Management Strategic Human Resource Management Non-profit organizations management (in particular volunteer management) Awards The article \u201cGreat Places to Work\u00ae: Resilience in Times of Crisis\u201d, published in Human Resource Management (DOI: &hellip; <a href=\"https:\/\/anacarvalho.net\/?page_id=9\" class=\"more-link\">Continue reading <span class=\"screen-reader-text\">Research<\/span> <span class=\"meta-nav\">&rarr;<\/span><\/a><\/p>\n","protected":false},"author":1,"featured_media":0,"parent":0,"menu_order":1,"comment_status":"closed","ping_status":"closed","template":"","meta":{"footnotes":""},"class_list":["post-9","page","type-page","status-publish","hentry"],"_links":{"self":[{"href":"https:\/\/anacarvalho.net\/index.php?rest_route=\/wp\/v2\/pages\/9","targetHints":{"allow":["GET"]}}],"collection":[{"href":"https:\/\/anacarvalho.net\/index.php?rest_route=\/wp\/v2\/pages"}],"about":[{"href":"https:\/\/anacarvalho.net\/index.php?rest_route=\/wp\/v2\/types\/page"}],"author":[{"embeddable":true,"href":"https:\/\/anacarvalho.net\/index.php?rest_route=\/wp\/v2\/users\/1"}],"replies":[{"embeddable":true,"href":"https:\/\/anacarvalho.net\/index.php?rest_route=%2Fwp%2Fv2%2Fcomments&post=9"}],"version-history":[{"count":23,"href":"https:\/\/anacarvalho.net\/index.php?rest_route=\/wp\/v2\/pages\/9\/revisions"}],"predecessor-version":[{"id":162,"href":"https:\/\/anacarvalho.net\/index.php?rest_route=\/wp\/v2\/pages\/9\/revisions\/162"}],"wp:attachment":[{"href":"https:\/\/anacarvalho.net\/index.php?rest_route=%2Fwp%2Fv2%2Fmedia&parent=9"}],"curies":[{"name":"wp","href":"https:\/\/api.w.org\/{rel}","templated":true}]}}